{"id":13,"date":"2020-07-28T16:53:15","date_gmt":"2020-07-28T14:53:15","guid":{"rendered":"http:\/\/todosobrecaballos.es\/?page_id=13"},"modified":"2024-10-25T09:09:51","modified_gmt":"2024-10-25T07:09:51","slug":"contacto","status":"publish","type":"page","link":"https:\/\/todosobrecaballos.es\/index.php\/contacto\/","title":{"rendered":"Contacto"},"content":{"rendered":"\t\t<div data-elementor-type=\"wp-page\" data-elementor-id=\"13\" class=\"elementor elementor-13\">\n\t\t\t\t\t\t<section class=\"elementor-section elementor-top-section elementor-element elementor-element-fff038f elementor-section-boxed elementor-section-height-default elementor-section-height-default\" data-id=\"fff038f\" data-element_type=\"section\" data-e-type=\"section\">\n\t\t\t\t\t\t<div class=\"elementor-container elementor-column-gap-default\">\n\t\t\t\t\t<div class=\"elementor-column elementor-col-100 elementor-top-column elementor-element elementor-element-245cff1\" data-id=\"245cff1\" data-element_type=\"column\" data-e-type=\"column\">\n\t\t\t<div class=\"elementor-widget-wrap elementor-element-populated\">\n\t\t\t\t\t\t<div class=\"elementor-element elementor-element-fa94a0a elementor-widget elementor-widget-heading\" data-id=\"fa94a0a\" data-element_type=\"widget\" data-e-type=\"widget\" data-widget_type=\"heading.default\">\n\t\t\t\t<div class=\"elementor-widget-container\">\n\t\t\t\t\t<h2 class=\"elementor-heading-title elementor-size-default\">Contacta conmigo<\/h2>\t\t\t\t<\/div>\n\t\t\t\t<\/div>\n\t\t\t\t<section class=\"elementor-section elementor-inner-section elementor-element elementor-element-1f13daf elementor-section-boxed elementor-section-height-default elementor-section-height-default\" data-id=\"1f13daf\" data-element_type=\"section\" data-e-type=\"section\">\n\t\t\t\t\t\t<div class=\"elementor-container elementor-column-gap-default\">\n\t\t\t\t\t<div class=\"elementor-column elementor-col-50 elementor-inner-column elementor-element elementor-element-7ec6c36\" data-id=\"7ec6c36\" data-element_type=\"column\" data-e-type=\"column\">\n\t\t\t<div class=\"elementor-widget-wrap elementor-element-populated\">\n\t\t\t\t\t\t<div class=\"elementor-element elementor-element-90b35a4 elementor-widget elementor-widget-text-editor\" data-id=\"90b35a4\" data-element_type=\"widget\" data-e-type=\"widget\" data-widget_type=\"text-editor.default\">\n\t\t\t\t<div class=\"elementor-widget-container\">\n\t\t\t\t\t\t\t\t\t<pre style=\"text-align: center;\">\u00a1 Si tienes alguna dudes en escribirme !<\/pre>\t\t\t\t\t\t\t\t<\/div>\n\t\t\t\t<\/div>\n\t\t\t\t<div class=\"elementor-element elementor-element-7788daa elementor-widget elementor-widget-shortcode\" data-id=\"7788daa\" data-element_type=\"widget\" data-e-type=\"widget\" data-widget_type=\"shortcode.default\">\n\t\t\t\t<div class=\"elementor-widget-container\">\n\t\t\t\t\t\t\t<div class=\"elementor-shortcode\"><div class=\"wpforms-container wpforms-container-full\" id=\"wpforms-117\"><form id=\"wpforms-form-117\" class=\"wpforms-validate wpforms-form\" data-formid=\"117\" method=\"post\" enctype=\"multipart\/form-data\" action=\"\/index.php\/wp-json\/wp\/v2\/pages\/13\" data-token=\"1b1e8a3d5b7ea66fb8a5f2234e97fad0\" data-token-time=\"1775603474\"><noscript class=\"wpforms-error-noscript\">Por favor, activa JavaScript en tu navegador para completar este formulario.<\/noscript><div class=\"wpforms-field-container\"><div id=\"wpforms-117-field_0-container\" class=\"wpforms-field wpforms-field-name\" data-field-id=\"0\"><label class=\"wpforms-field-label\" for=\"wpforms-117-field_0\">Tus datos  <span class=\"wpforms-required-label\">*<\/span><\/label><input type=\"text\" id=\"wpforms-117-field_0\" class=\"wpforms-field-medium wpforms-field-required\" name=\"wpforms[fields][0]\" required><\/div><div id=\"wpforms-117-field_1-container\" class=\"wpforms-field wpforms-field-email\" data-field-id=\"1\"><label class=\"wpforms-field-label\" for=\"wpforms-117-field_1\">Email <span class=\"wpforms-required-label\">*<\/span><\/label><input type=\"email\" id=\"wpforms-117-field_1\" class=\"wpforms-field-medium wpforms-field-required\" name=\"wpforms[fields][1]\" spellcheck=\"false\" required><\/div><div id=\"wpforms-117-field_2-container\" class=\"wpforms-field wpforms-field-textarea\" data-field-id=\"2\"><label class=\"wpforms-field-label\" for=\"wpforms-117-field_2\">Tu mensaje  <span class=\"wpforms-required-label\">*<\/span><\/label><textarea id=\"wpforms-117-field_2\" class=\"wpforms-field-medium wpforms-field-required\" name=\"wpforms[fields][2]\" required><\/textarea><\/div><\/div><!-- .wpforms-field-container --><div class=\"wpforms-field wpforms-field-hp\"><label for=\"wpforms-117-field-hp\" class=\"wpforms-field-label\">Comment<\/label><input type=\"text\" name=\"wpforms[hp]\" id=\"wpforms-117-field-hp\" class=\"wpforms-field-medium\"><\/div><div class=\"wpforms-submit-container\" ><input type=\"hidden\" name=\"wpforms[id]\" value=\"117\"><input type=\"hidden\" name=\"page_title\" value=\"\"><input type=\"hidden\" name=\"page_url\" value=\"https:\/\/todosobrecaballos.es\/index.php\/wp-json\/wp\/v2\/pages\/13\"><input type=\"hidden\" name=\"url_referer\" value=\"\"><button type=\"submit\" name=\"wpforms[submit]\" id=\"wpforms-submit-117\" class=\"wpforms-submit\" data-alt-text=\"Sending...\" data-submit-text=\"Enviar \" aria-live=\"assertive\" value=\"wpforms-submit\">Enviar <\/button><\/div><\/form><\/div>  <!-- .wpforms-container --><\/div>\n\t\t\t\t\t\t<\/div>\n\t\t\t\t<\/div>\n\t\t\t\t\t<\/div>\n\t\t<\/div>\n\t\t\t\t<div class=\"elementor-column elementor-col-50 elementor-inner-column elementor-element elementor-element-d043500\" data-id=\"d043500\" data-element_type=\"column\" data-e-type=\"column\">\n\t\t\t<div class=\"elementor-widget-wrap elementor-element-populated\">\n\t\t\t\t\t\t<div class=\"elementor-element elementor-element-578f7bb elementor-widget elementor-widget-image\" data-id=\"578f7bb\" data-element_type=\"widget\" data-e-type=\"widget\" data-widget_type=\"image.default\">\n\t\t\t\t<div class=\"elementor-widget-container\">\n\t\t\t\t\t\t\t\t\t\t\t\t<figure class=\"wp-caption\">\n\t\t\t\t\t\t\t\t\t\t<img decoding=\"async\" src=\"https:\/\/todosobrecaballos.es\/wp-content\/uploads\/2024\/08\/TODOSOBRECABALLOS-19.png\" title=\"TODOSOBRECABALLOS (19)\" alt=\"TODOSOBRECABALLOS (19)\" loading=\"lazy\" \/>\t\t\t\t\t\t\t\t\t\t\t<figcaption class=\"widget-image-caption wp-caption-text\"><\/figcaption>\n\t\t\t\t\t\t\t\t\t\t<\/figure>\n\t\t\t\t\t\t\t\t\t<\/div>\n\t\t\t\t<\/div>\n\t\t\t\t\t<\/div>\n\t\t<\/div>\n\t\t\t\t\t<\/div>\n\t\t<\/section>\n\t\t\t\t\t<\/div>\n\t\t<\/div>\n\t\t\t\t\t<\/div>\n\t\t<\/section>\n\t\t\t\t<section class=\"elementor-section elementor-top-section elementor-element elementor-element-03fbf18 elementor-section-boxed elementor-section-height-default elementor-section-height-default\" data-id=\"03fbf18\" data-element_type=\"section\" data-e-type=\"section\">\n\t\t\t\t\t\t<div class=\"elementor-container elementor-column-gap-default\">\n\t\t\t\t\t<div class=\"elementor-column elementor-col-100 elementor-top-column elementor-element elementor-element-9b96fab\" data-id=\"9b96fab\" data-element_type=\"column\" data-e-type=\"column\">\n\t\t\t<div class=\"elementor-widget-wrap elementor-element-populated\">\n\t\t\t\t\t\t<div class=\"elementor-element elementor-element-9faca04 elementor-widget elementor-widget-spacer\" data-id=\"9faca04\" data-element_type=\"widget\" data-e-type=\"widget\" data-widget_type=\"spacer.default\">\n\t\t\t\t<div class=\"elementor-widget-container\">\n\t\t\t\t\t\t\t<div class=\"elementor-spacer\">\n\t\t\t<div class=\"elementor-spacer-inner\"><\/div>\n\t\t<\/div>\n\t\t\t\t\t\t<\/div>\n\t\t\t\t<\/div>\n\t\t\t\t<div class=\"elementor-element elementor-element-238ab57 elementor-widget elementor-widget-wp-widget-ocean_recent_posts\" data-id=\"238ab57\" data-element_type=\"widget\" data-e-type=\"widget\" data-widget_type=\"wp-widget-ocean_recent_posts.default\">\n\t\t\t\t<div class=\"elementor-widget-container\">\n\t\t\t\t\t<h5>Recent Posts<\/h5>\r\n\t\t\t\t<ul class=\"oceanwp-recent-posts clr\">\r\n\r\n\t\t\t\t\t\r\n\t\t\t\t\t\t\t<li class=\"clr\">\r\n\r\n\t\t\t\t\t\t\t\t\t\t\t\t\t\t\t\t\t<a href=\"https:\/\/todosobrecaballos.es\/index.php\/2020\/09\/02\/elementor-137\/\" title=\"Odontolog\u00eda equina\" class=\"recent-posts-thumbnail\">\r\n\t\t\t\t\t\t\t\t\t\t<img decoding=\"async\" width=\"150\" height=\"150\" src=\"https:\/\/todosobrecaballos.es\/wp-content\/uploads\/2020\/09\/Diseno-sin-titulo-17-150x150.png\" class=\"attachment-thumbnail size-thumbnail wp-post-image\" alt=\"Odontolog\u00eda equina\" itemprop=\"image\" \/>\r\n\t\t\t\t\t\t\t\t\t\t<span class=\"overlay\"><\/span>\r\n\t\t\t\t\t\t\t\t\t<\/a>\r\n\t\t\t\t\t\t\t\t\r\n\t\t\t\t\t\t\t\t<div class=\"recent-posts-details clr\">\r\n\r\n\t\t\t\t\t\t\t\t\t<div class=\"recent-posts-details-inner clr\">\r\n\r\n\t\t\t\t\t\t\t\t\t\t<a href=\"https:\/\/todosobrecaballos.es\/index.php\/2020\/09\/02\/elementor-137\/\" class=\"recent-posts-title\">Odontolog\u00eda equina<\/a>\r\n\r\n\t\t\t\t\t\t\t\t\t\t<div class=\"recent-posts-info clr\">\r\n\t\t\t\t\t\t\t\t\t\t\t<div class=\"recent-posts-date\">2 septiembre, 2020<span class=\"sep\">\/<\/span><\/div>\r\n\t\t\t\t\t\t\t\t\t\t\t<div class=\"recent-posts-comments\"><a href=\"https:\/\/todosobrecaballos.es\/index.php\/2020\/09\/02\/elementor-137\/#respond\">Sin comentarios<\/a><\/div>\r\n\t\t\t\t\t\t\t\t\t\t<\/div>\r\n\r\n\t\t\t\t\t\t\t\t\t<\/div>\r\n\r\n\t\t\t\t\t\t\t\t<\/div>\r\n\r\n\t\t\t\t\t\t\t<\/li>\r\n\r\n\t\t\t\t\t\t\r\n\t\t\t\t\t\t\t<li class=\"clr\">\r\n\r\n\t\t\t\t\t\t\t\t\t\t\t\t\t\t\t\t\t<a href=\"https:\/\/todosobrecaballos.es\/index.php\/2020\/09\/03\/cuidados-basicos-limpieza-del-box\/\" title=\"Cuidados b\u00e1sicos : limpieza del box\" class=\"recent-posts-thumbnail\">\r\n\t\t\t\t\t\t\t\t\t\t<img decoding=\"async\" width=\"150\" height=\"150\" src=\"https:\/\/todosobrecaballos.es\/wp-content\/uploads\/2020\/09\/TODOSOBRECABALLOS-7-1-150x150.png\" class=\"attachment-thumbnail size-thumbnail wp-post-image\" alt=\"Cuidados b\u00e1sicos : limpieza del box\" itemprop=\"image\" \/>\r\n\t\t\t\t\t\t\t\t\t\t<span class=\"overlay\"><\/span>\r\n\t\t\t\t\t\t\t\t\t<\/a>\r\n\t\t\t\t\t\t\t\t\r\n\t\t\t\t\t\t\t\t<div class=\"recent-posts-details clr\">\r\n\r\n\t\t\t\t\t\t\t\t\t<div class=\"recent-posts-details-inner clr\">\r\n\r\n\t\t\t\t\t\t\t\t\t\t<a href=\"https:\/\/todosobrecaballos.es\/index.php\/2020\/09\/03\/cuidados-basicos-limpieza-del-box\/\" class=\"recent-posts-title\">Cuidados b\u00e1sicos : limpieza del box<\/a>\r\n\r\n\t\t\t\t\t\t\t\t\t\t<div class=\"recent-posts-info clr\">\r\n\t\t\t\t\t\t\t\t\t\t\t<div class=\"recent-posts-date\">3 septiembre, 2020<span class=\"sep\">\/<\/span><\/div>\r\n\t\t\t\t\t\t\t\t\t\t\t<div class=\"recent-posts-comments\"><a href=\"https:\/\/todosobrecaballos.es\/index.php\/2020\/09\/03\/cuidados-basicos-limpieza-del-box\/#respond\">Sin comentarios<\/a><\/div>\r\n\t\t\t\t\t\t\t\t\t\t<\/div>\r\n\r\n\t\t\t\t\t\t\t\t\t<\/div>\r\n\r\n\t\t\t\t\t\t\t\t<\/div>\r\n\r\n\t\t\t\t\t\t\t<\/li>\r\n\r\n\t\t\t\t\t\t\r\n\t\t\t\t\t\t\t<li class=\"clr\">\r\n\r\n\t\t\t\t\t\t\t\t\t\t\t\t\t\t\t\t\t<a href=\"https:\/\/todosobrecaballos.es\/index.php\/2024\/08\/20\/importancia-del-vinculo-entre-caballo-y-jinete-una-relacion-mas-alla-del-control\/\" title=\"Importancia del V\u00ednculo entre Caballo y Jinete: Una Relaci\u00f3n m\u00e1s All\u00e1 del Control\" class=\"recent-posts-thumbnail\">\r\n\t\t\t\t\t\t\t\t\t\t<img decoding=\"async\" width=\"150\" height=\"150\" src=\"https:\/\/todosobrecaballos.es\/wp-content\/uploads\/2024\/08\/TODOSOBRECABALLOS-15-150x150.png\" class=\"attachment-thumbnail size-thumbnail wp-post-image\" alt=\"Importancia del V\u00ednculo entre Caballo y Jinete: Una Relaci\u00f3n m\u00e1s All\u00e1 del Control\" itemprop=\"image\" \/>\r\n\t\t\t\t\t\t\t\t\t\t<span class=\"overlay\"><\/span>\r\n\t\t\t\t\t\t\t\t\t<\/a>\r\n\t\t\t\t\t\t\t\t\r\n\t\t\t\t\t\t\t\t<div class=\"recent-posts-details clr\">\r\n\r\n\t\t\t\t\t\t\t\t\t<div class=\"recent-posts-details-inner clr\">\r\n\r\n\t\t\t\t\t\t\t\t\t\t<a href=\"https:\/\/todosobrecaballos.es\/index.php\/2024\/08\/20\/importancia-del-vinculo-entre-caballo-y-jinete-una-relacion-mas-alla-del-control\/\" class=\"recent-posts-title\">Importancia del V\u00ednculo entre Caballo y Jinete: Una Relaci\u00f3n m\u00e1s All\u00e1 del Control<\/a>\r\n\r\n\t\t\t\t\t\t\t\t\t\t<div class=\"recent-posts-info clr\">\r\n\t\t\t\t\t\t\t\t\t\t\t<div class=\"recent-posts-date\">20 agosto, 2024<span class=\"sep\">\/<\/span><\/div>\r\n\t\t\t\t\t\t\t\t\t\t\t<div class=\"recent-posts-comments\"><a href=\"https:\/\/todosobrecaballos.es\/index.php\/2024\/08\/20\/importancia-del-vinculo-entre-caballo-y-jinete-una-relacion-mas-alla-del-control\/#respond\">Sin comentarios<\/a><\/div>\r\n\t\t\t\t\t\t\t\t\t\t<\/div>\r\n\r\n\t\t\t\t\t\t\t\t\t<\/div>\r\n\r\n\t\t\t\t\t\t\t\t<\/div>\r\n\r\n\t\t\t\t\t\t\t<\/li>\r\n\r\n\t\t\t\t\t\t\r\n\t\t\t\t\t\t\t<li class=\"clr\">\r\n\r\n\t\t\t\t\t\t\t\t\t\t\t\t\t\t\t\t\t<a href=\"https:\/\/todosobrecaballos.es\/index.php\/2020\/09\/09\/alimentos-para-caballos\/\" title=\"Alimentos para caballos\" class=\"recent-posts-thumbnail\">\r\n\t\t\t\t\t\t\t\t\t\t<img loading=\"lazy\" decoding=\"async\" width=\"150\" height=\"150\" src=\"https:\/\/todosobrecaballos.es\/wp-content\/uploads\/2020\/09\/TODOSOBRECABALLOS-8-150x150.png\" class=\"attachment-thumbnail size-thumbnail wp-post-image\" alt=\"Alimentos para caballos\" itemprop=\"image\" \/>\r\n\t\t\t\t\t\t\t\t\t\t<span class=\"overlay\"><\/span>\r\n\t\t\t\t\t\t\t\t\t<\/a>\r\n\t\t\t\t\t\t\t\t\r\n\t\t\t\t\t\t\t\t<div class=\"recent-posts-details clr\">\r\n\r\n\t\t\t\t\t\t\t\t\t<div class=\"recent-posts-details-inner clr\">\r\n\r\n\t\t\t\t\t\t\t\t\t\t<a href=\"https:\/\/todosobrecaballos.es\/index.php\/2020\/09\/09\/alimentos-para-caballos\/\" class=\"recent-posts-title\">Alimentos para caballos<\/a>\r\n\r\n\t\t\t\t\t\t\t\t\t\t<div class=\"recent-posts-info clr\">\r\n\t\t\t\t\t\t\t\t\t\t\t<div class=\"recent-posts-date\">9 septiembre, 2020<span class=\"sep\">\/<\/span><\/div>\r\n\t\t\t\t\t\t\t\t\t\t\t<div class=\"recent-posts-comments\"><a href=\"https:\/\/todosobrecaballos.es\/index.php\/2020\/09\/09\/alimentos-para-caballos\/#respond\">Sin comentarios<\/a><\/div>\r\n\t\t\t\t\t\t\t\t\t\t<\/div>\r\n\r\n\t\t\t\t\t\t\t\t\t<\/div>\r\n\r\n\t\t\t\t\t\t\t\t<\/div>\r\n\r\n\t\t\t\t\t\t\t<\/li>\r\n\r\n\t\t\t\t\t\t\r\n\t\t\t\t\t\r\n\t\t\t\t<\/ul>\r\n\r\n\t\t\t\t\r\n\t\t\t\t\t\t\t<\/div>\n\t\t\t\t<\/div>\n\t\t\t\t\t<\/div>\n\t\t<\/div>\n\t\t\t\t\t<\/div>\n\t\t<\/section>\n\t\t\t\t<section class=\"elementor-section elementor-top-section elementor-element elementor-element-3e76d33 elementor-section-boxed elementor-section-height-default elementor-section-height-default\" data-id=\"3e76d33\" data-element_type=\"section\" data-e-type=\"section\">\n\t\t\t\t\t\t<div class=\"elementor-container elementor-column-gap-default\">\n\t\t\t\t\t<div class=\"elementor-column elementor-col-100 elementor-top-column elementor-element elementor-element-4e92c43\" data-id=\"4e92c43\" data-element_type=\"column\" data-e-type=\"column\">\n\t\t\t<div class=\"elementor-widget-wrap elementor-element-populated\">\n\t\t\t\t\t\t<div class=\"elementor-element elementor-element-6f1d3a3 elementor-widget elementor-widget-spacer\" data-id=\"6f1d3a3\" data-element_type=\"widget\" data-e-type=\"widget\" data-widget_type=\"spacer.default\">\n\t\t\t\t<div class=\"elementor-widget-container\">\n\t\t\t\t\t\t\t<div class=\"elementor-spacer\">\n\t\t\t<div class=\"elementor-spacer-inner\"><\/div>\n\t\t<\/div>\n\t\t\t\t\t\t<\/div>\n\t\t\t\t<\/div>\n\t\t\t\t\t<\/div>\n\t\t<\/div>\n\t\t\t\t\t<\/div>\n\t\t<\/section>\n\t\t\t\t<section class=\"elementor-section elementor-top-section elementor-element elementor-element-2739c6c elementor-section-boxed elementor-section-height-default elementor-section-height-default\" data-id=\"2739c6c\" data-element_type=\"section\" data-e-type=\"section\">\n\t\t\t\t\t\t<div class=\"elementor-container elementor-column-gap-default\">\n\t\t\t\t\t<div class=\"elementor-column elementor-col-100 elementor-top-column elementor-element elementor-element-cbd429e\" data-id=\"cbd429e\" data-element_type=\"column\" data-e-type=\"column\">\n\t\t\t<div class=\"elementor-widget-wrap\">\n\t\t\t\t\t\t\t<\/div>\n\t\t<\/div>\n\t\t\t\t\t<\/div>\n\t\t<\/section>\n\t\t\t\t<\/div>\n\t\t","protected":false},"excerpt":{"rendered":"<p>Contacta conmigo \u00a1 Si tienes alguna dudes en escribirme !<\/p>\n","protected":false},"author":2,"featured_media":0,"parent":0,"menu_order":0,"comment_status":"closed","ping_status":"closed","template":"elementor_header_footer","meta":{"ocean_post_layout":"","ocean_both_sidebars_style":"","ocean_both_sidebars_content_width":0,"ocean_both_sidebars_sidebars_width":0,"ocean_sidebar":"0","ocean_second_sidebar":"0","ocean_disable_margins":"enable","ocean_add_body_class":"","ocean_shortcode_before_top_bar":"","ocean_shortcode_after_top_bar":"","ocean_shortcode_before_header":"","ocean_shortcode_after_header":"","ocean_has_shortcode":"","ocean_shortcode_after_title":"","ocean_shortcode_before_footer_widgets":"","ocean_shortcode_after_footer_widgets":"","ocean_shortcode_before_footer_bottom":"","ocean_shortcode_after_footer_bottom":"","ocean_display_top_bar":"default","ocean_display_header":"default","ocean_header_style":"","ocean_center_header_left_menu":"0","ocean_custom_header_template":"0","ocean_custom_logo":0,"ocean_custom_retina_logo":0,"ocean_custom_logo_max_width":0,"ocean_custom_logo_tablet_max_width":0,"ocean_custom_logo_mobile_max_width":0,"ocean_custom_logo_max_height":0,"ocean_custom_logo_tablet_max_height":0,"ocean_custom_logo_mobile_max_height":0,"ocean_header_custom_menu":"0","ocean_menu_typo_font_family":"0","ocean_menu_typo_font_subset":"","ocean_menu_typo_font_size":0,"ocean_menu_typo_font_size_tablet":0,"ocean_menu_typo_font_size_mobile":0,"ocean_menu_typo_font_size_unit":"px","ocean_menu_typo_font_weight":"","ocean_menu_typo_font_weight_tablet":"","ocean_menu_typo_font_weight_mobile":"","ocean_menu_typo_transform":"","ocean_menu_typo_transform_tablet":"","ocean_menu_typo_transform_mobile":"","ocean_menu_typo_line_height":0,"ocean_menu_typo_line_height_tablet":0,"ocean_menu_typo_line_height_mobile":0,"ocean_menu_typo_line_height_unit":"","ocean_menu_typo_spacing":0,"ocean_menu_typo_spacing_tablet":0,"ocean_menu_typo_spacing_mobile":0,"ocean_menu_typo_spacing_unit":"","ocean_menu_link_color":"","ocean_menu_link_color_hover":"","ocean_menu_link_color_active":"","ocean_menu_link_background":"","ocean_menu_link_hover_background":"","ocean_menu_link_active_background":"","ocean_menu_social_links_bg":"","ocean_menu_social_hover_links_bg":"","ocean_menu_social_links_color":"","ocean_menu_social_hover_links_color":"","ocean_disable_title":"default","ocean_disable_heading":"default","ocean_post_title":"","ocean_post_subheading":"","ocean_post_title_style":"","ocean_post_title_background_color":"","ocean_post_title_background":0,"ocean_post_title_bg_image_position":"","ocean_post_title_bg_image_attachment":"","ocean_post_title_bg_image_repeat":"","ocean_post_title_bg_image_size":"","ocean_post_title_height":0,"ocean_post_title_bg_overlay":0.5,"ocean_post_title_bg_overlay_color":"","ocean_disable_breadcrumbs":"default","ocean_breadcrumbs_color":"","ocean_breadcrumbs_separator_color":"","ocean_breadcrumbs_links_color":"","ocean_breadcrumbs_links_hover_color":"","ocean_display_footer_widgets":"default","ocean_display_footer_bottom":"default","ocean_custom_footer_template":"0","footnotes":""},"class_list":["post-13","page","type-page","status-publish","hentry","entry","has-media"],"_links":{"self":[{"href":"https:\/\/todosobrecaballos.es\/index.php\/wp-json\/wp\/v2\/pages\/13","targetHints":{"allow":["GET"]}}],"collection":[{"href":"https:\/\/todosobrecaballos.es\/index.php\/wp-json\/wp\/v2\/pages"}],"about":[{"href":"https:\/\/todosobrecaballos.es\/index.php\/wp-json\/wp\/v2\/types\/page"}],"author":[{"embeddable":true,"href":"https:\/\/todosobrecaballos.es\/index.php\/wp-json\/wp\/v2\/users\/2"}],"replies":[{"embeddable":true,"href":"https:\/\/todosobrecaballos.es\/index.php\/wp-json\/wp\/v2\/comments?post=13"}],"version-history":[{"count":24,"href":"https:\/\/todosobrecaballos.es\/index.php\/wp-json\/wp\/v2\/pages\/13\/revisions"}],"predecessor-version":[{"id":989,"href":"https:\/\/todosobrecaballos.es\/index.php\/wp-json\/wp\/v2\/pages\/13\/revisions\/989"}],"wp:attachment":[{"href":"https:\/\/todosobrecaballos.es\/index.php\/wp-json\/wp\/v2\/media?parent=13"}],"curies":[{"name":"wp","href":"https:\/\/api.w.org\/{rel}","templated":true}]}}