{"id":505,"date":"2021-07-04T13:21:01","date_gmt":"2021-07-04T11:21:01","guid":{"rendered":"http:\/\/todosobrecaballos.es\/?page_id=505"},"modified":"2024-08-20T20:45:21","modified_gmt":"2024-08-20T18:45:21","slug":"pruebas-examenes-de-galopes","status":"publish","type":"page","link":"https:\/\/todosobrecaballos.es\/index.php\/pruebas-examenes-de-galopes\/","title":{"rendered":"Test ex\u00e1menes de galopes"},"content":{"rendered":"\t\t<div data-elementor-type=\"wp-page\" data-elementor-id=\"505\" class=\"elementor elementor-505\">\n\t\t\t\t\t\t<section class=\"elementor-section elementor-top-section elementor-element elementor-element-fa59cd0 elementor-section-boxed elementor-section-height-default elementor-section-height-default\" data-id=\"fa59cd0\" data-element_type=\"section\" data-e-type=\"section\">\n\t\t\t\t\t\t<div class=\"elementor-container elementor-column-gap-default\">\n\t\t\t\t\t<div class=\"elementor-column elementor-col-100 elementor-top-column elementor-element elementor-element-bc39a0d\" data-id=\"bc39a0d\" data-element_type=\"column\" data-e-type=\"column\">\n\t\t\t<div class=\"elementor-widget-wrap elementor-element-populated\">\n\t\t\t\t\t\t<div class=\"elementor-element elementor-element-ab304fd elementor-widget elementor-widget-heading\" data-id=\"ab304fd\" data-element_type=\"widget\" data-e-type=\"widget\" data-widget_type=\"heading.default\">\n\t\t\t\t<div class=\"elementor-widget-container\">\n\t\t\t\t\t<h2 class=\"elementor-heading-title elementor-size-default\">\u00a1Ponte a prueba con Todo Sobre Caballos!<\/h2>\t\t\t\t<\/div>\n\t\t\t\t<\/div>\n\t\t\t\t\t<\/div>\n\t\t<\/div>\n\t\t\t\t\t<\/div>\n\t\t<\/section>\n\t\t\t\t<section class=\"elementor-section elementor-top-section elementor-element elementor-element-4aad70b elementor-section-boxed elementor-section-height-default elementor-section-height-default\" data-id=\"4aad70b\" data-element_type=\"section\" data-e-type=\"section\">\n\t\t\t\t\t\t<div class=\"elementor-container elementor-column-gap-default\">\n\t\t\t\t\t<div class=\"elementor-column elementor-col-100 elementor-top-column elementor-element elementor-element-0a72dbd\" data-id=\"0a72dbd\" data-element_type=\"column\" data-e-type=\"column\">\n\t\t\t<div class=\"elementor-widget-wrap elementor-element-populated\">\n\t\t\t\t\t\t<section class=\"elementor-section elementor-inner-section elementor-element elementor-element-7b76d07 elementor-section-boxed elementor-section-height-default elementor-section-height-default\" data-id=\"7b76d07\" data-element_type=\"section\" data-e-type=\"section\">\n\t\t\t\t\t\t<div class=\"elementor-container elementor-column-gap-default\">\n\t\t\t\t\t<div class=\"elementor-column elementor-col-50 elementor-inner-column elementor-element elementor-element-ef30e93\" data-id=\"ef30e93\" data-element_type=\"column\" data-e-type=\"column\">\n\t\t\t<div class=\"elementor-widget-wrap elementor-element-populated\">\n\t\t\t\t\t\t<div class=\"elementor-element elementor-element-8c78a01 elementor-widget elementor-widget-text-editor\" data-id=\"8c78a01\" data-element_type=\"widget\" data-e-type=\"widget\" data-widget_type=\"text-editor.default\">\n\t\t\t\t<div class=\"elementor-widget-container\">\n\t\t\t\t\t\t\t\t\t<p style=\"text-align: center;\">\u00bfTe gustar\u00eda ver hasta d\u00f3nde llegan tus conocimientos acerca del mundo del caballo? En Todo Sobre Caballos te ayudamos a ello.<\/p><p style=\"text-align: center;\">Nuestro equipo ha desarrollado unos test para poder saber cuanto sabes de los contenidos de los ex\u00e1menes de galopes. Estos ex\u00e1menes sirven para poder obtener una titulaci\u00f3n que en la mayor\u00eda de casos es para poder competir.\u00a0<\/p>\t\t\t\t\t\t\t\t<\/div>\n\t\t\t\t<\/div>\n\t\t\t\t\t<\/div>\n\t\t<\/div>\n\t\t\t\t<div class=\"elementor-column elementor-col-50 elementor-inner-column elementor-element elementor-element-6ceb7bf\" data-id=\"6ceb7bf\" data-element_type=\"column\" data-e-type=\"column\">\n\t\t\t<div class=\"elementor-widget-wrap elementor-element-populated\">\n\t\t\t\t\t\t<div class=\"elementor-element elementor-element-2c4c4a8 elementor-widget elementor-widget-image\" data-id=\"2c4c4a8\" data-element_type=\"widget\" data-e-type=\"widget\" data-widget_type=\"image.default\">\n\t\t\t\t<div class=\"elementor-widget-container\">\n\t\t\t\t\t\t\t\t\t\t\t\t\t\t\t<img fetchpriority=\"high\" decoding=\"async\" width=\"300\" height=\"201\" src=\"https:\/\/todosobrecaballos.es\/wp-content\/uploads\/2021\/01\/Diseno-sin-titulo-21-300x201.png\" class=\"attachment-medium size-medium wp-image-727\" alt=\"\" srcset=\"https:\/\/todosobrecaballos.es\/wp-content\/uploads\/2021\/01\/Diseno-sin-titulo-21-300x201.png 300w, https:\/\/todosobrecaballos.es\/wp-content\/uploads\/2021\/01\/Diseno-sin-titulo-21-768x515.png 768w, https:\/\/todosobrecaballos.es\/wp-content\/uploads\/2021\/01\/Diseno-sin-titulo-21.png 1000w\" sizes=\"(max-width: 300px) 100vw, 300px\" \/>\t\t\t\t\t\t\t\t\t\t\t\t\t\t\t<\/div>\n\t\t\t\t<\/div>\n\t\t\t\t\t<\/div>\n\t\t<\/div>\n\t\t\t\t\t<\/div>\n\t\t<\/section>\n\t\t\t\t\t<\/div>\n\t\t<\/div>\n\t\t\t\t\t<\/div>\n\t\t<\/section>\n\t\t\t\t<section class=\"elementor-section elementor-top-section elementor-element elementor-element-81dcaa5 elementor-section-boxed elementor-section-height-default elementor-section-height-default\" data-id=\"81dcaa5\" data-element_type=\"section\" data-e-type=\"section\">\n\t\t\t\t\t\t<div class=\"elementor-container elementor-column-gap-default\">\n\t\t\t\t\t<div class=\"elementor-column elementor-col-100 elementor-top-column elementor-element elementor-element-8a5ef15\" data-id=\"8a5ef15\" data-element_type=\"column\" data-e-type=\"column\">\n\t\t\t<div class=\"elementor-widget-wrap elementor-element-populated\">\n\t\t\t\t\t\t<section class=\"elementor-section elementor-inner-section elementor-element elementor-element-6e6b12c elementor-section-boxed elementor-section-height-default elementor-section-height-default\" data-id=\"6e6b12c\" data-element_type=\"section\" data-e-type=\"section\">\n\t\t\t\t\t\t<div class=\"elementor-container elementor-column-gap-default\">\n\t\t\t\t\t<div class=\"elementor-column elementor-col-50 elementor-inner-column elementor-element elementor-element-fd514a3\" data-id=\"fd514a3\" data-element_type=\"column\" data-e-type=\"column\">\n\t\t\t<div class=\"elementor-widget-wrap elementor-element-populated\">\n\t\t\t\t\t\t<div class=\"elementor-element elementor-element-f3ae16e elementor-widget elementor-widget-image\" data-id=\"f3ae16e\" data-element_type=\"widget\" data-e-type=\"widget\" data-widget_type=\"image.default\">\n\t\t\t\t<div class=\"elementor-widget-container\">\n\t\t\t\t\t\t\t\t\t\t\t\t\t\t\t<img decoding=\"async\" width=\"1024\" height=\"681\" src=\"https:\/\/todosobrecaballos.es\/wp-content\/uploads\/2021\/02\/Diseno-sin-titulo-4-1024x681.png\" class=\"attachment-large size-large wp-image-681\" alt=\"\" srcset=\"https:\/\/todosobrecaballos.es\/wp-content\/uploads\/2021\/02\/Diseno-sin-titulo-4-1024x681.png 1024w, https:\/\/todosobrecaballos.es\/wp-content\/uploads\/2021\/02\/Diseno-sin-titulo-4-300x199.png 300w, https:\/\/todosobrecaballos.es\/wp-content\/uploads\/2021\/02\/Diseno-sin-titulo-4-768x511.png 768w, https:\/\/todosobrecaballos.es\/wp-content\/uploads\/2021\/02\/Diseno-sin-titulo-4.png 1349w\" sizes=\"(max-width: 1024px) 100vw, 1024px\" \/>\t\t\t\t\t\t\t\t\t\t\t\t\t\t\t<\/div>\n\t\t\t\t<\/div>\n\t\t\t\t<div class=\"elementor-element elementor-element-72860b8 elementor-widget elementor-widget-heading\" data-id=\"72860b8\" data-element_type=\"widget\" data-e-type=\"widget\" data-widget_type=\"heading.default\">\n\t\t\t\t<div class=\"elementor-widget-container\">\n\t\t\t\t\t<h2 class=\"elementor-heading-title elementor-size-default\"><a href=\"https:\/\/forms.gle\/tjJNp7nEhLWeLTb16\">Examen galope 1<\/a><\/h2>\t\t\t\t<\/div>\n\t\t\t\t<\/div>\n\t\t\t\t\t<\/div>\n\t\t<\/div>\n\t\t\t\t<div class=\"elementor-column elementor-col-50 elementor-inner-column elementor-element elementor-element-30c5394\" data-id=\"30c5394\" data-element_type=\"column\" data-e-type=\"column\">\n\t\t\t<div class=\"elementor-widget-wrap elementor-element-populated\">\n\t\t\t\t\t\t<div class=\"elementor-element elementor-element-4be32af elementor-widget elementor-widget-image\" data-id=\"4be32af\" data-element_type=\"widget\" data-e-type=\"widget\" data-widget_type=\"image.default\">\n\t\t\t\t<div class=\"elementor-widget-container\">\n\t\t\t\t\t\t\t\t\t\t\t\t\t\t\t<img decoding=\"async\" width=\"1000\" height=\"670\" src=\"https:\/\/todosobrecaballos.es\/wp-content\/uploads\/2021\/02\/Diseno-sin-titulo-16.png\" class=\"attachment-large size-large wp-image-716\" alt=\"\" srcset=\"https:\/\/todosobrecaballos.es\/wp-content\/uploads\/2021\/02\/Diseno-sin-titulo-16.png 1000w, https:\/\/todosobrecaballos.es\/wp-content\/uploads\/2021\/02\/Diseno-sin-titulo-16-300x201.png 300w, https:\/\/todosobrecaballos.es\/wp-content\/uploads\/2021\/02\/Diseno-sin-titulo-16-768x515.png 768w\" sizes=\"(max-width: 1000px) 100vw, 1000px\" \/>\t\t\t\t\t\t\t\t\t\t\t\t\t\t\t<\/div>\n\t\t\t\t<\/div>\n\t\t\t\t<div class=\"elementor-element elementor-element-74dc579 elementor-widget elementor-widget-heading\" data-id=\"74dc579\" data-element_type=\"widget\" data-e-type=\"widget\" data-widget_type=\"heading.default\">\n\t\t\t\t<div class=\"elementor-widget-container\">\n\t\t\t\t\t<h2 class=\"elementor-heading-title elementor-size-default\"><a href=\"https:\/\/forms.gle\/KjZtYhZ3K67KJsobA\">Examen galope 2<\/a><\/h2>\t\t\t\t<\/div>\n\t\t\t\t<\/div>\n\t\t\t\t\t<\/div>\n\t\t<\/div>\n\t\t\t\t\t<\/div>\n\t\t<\/section>\n\t\t\t\t<section class=\"elementor-section elementor-inner-section elementor-element elementor-element-3958ede elementor-section-boxed elementor-section-height-default elementor-section-height-default\" data-id=\"3958ede\" data-element_type=\"section\" data-e-type=\"section\">\n\t\t\t\t\t\t<div class=\"elementor-container elementor-column-gap-default\">\n\t\t\t\t\t<div class=\"elementor-column elementor-col-50 elementor-inner-column elementor-element elementor-element-184b062\" data-id=\"184b062\" data-element_type=\"column\" data-e-type=\"column\">\n\t\t\t<div class=\"elementor-widget-wrap elementor-element-populated\">\n\t\t\t\t\t\t<div class=\"elementor-element elementor-element-59f033c elementor-widget elementor-widget-image\" data-id=\"59f033c\" data-element_type=\"widget\" data-e-type=\"widget\" data-widget_type=\"image.default\">\n\t\t\t\t<div class=\"elementor-widget-container\">\n\t\t\t\t\t\t\t\t\t\t\t\t\t\t\t<img loading=\"lazy\" decoding=\"async\" width=\"1000\" height=\"670\" src=\"https:\/\/todosobrecaballos.es\/wp-content\/uploads\/2021\/02\/Diseno-sin-titulo-14.png\" class=\"attachment-large size-large wp-image-718\" alt=\"\" srcset=\"https:\/\/todosobrecaballos.es\/wp-content\/uploads\/2021\/02\/Diseno-sin-titulo-14.png 1000w, https:\/\/todosobrecaballos.es\/wp-content\/uploads\/2021\/02\/Diseno-sin-titulo-14-300x201.png 300w, https:\/\/todosobrecaballos.es\/wp-content\/uploads\/2021\/02\/Diseno-sin-titulo-14-768x515.png 768w\" sizes=\"(max-width: 1000px) 100vw, 1000px\" \/>\t\t\t\t\t\t\t\t\t\t\t\t\t\t\t<\/div>\n\t\t\t\t<\/div>\n\t\t\t\t<div class=\"elementor-element elementor-element-3f41d07 elementor-widget elementor-widget-heading\" data-id=\"3f41d07\" data-element_type=\"widget\" data-e-type=\"widget\" data-widget_type=\"heading.default\">\n\t\t\t\t<div class=\"elementor-widget-container\">\n\t\t\t\t\t<h2 class=\"elementor-heading-title elementor-size-default\"><a href=\"https:\/\/forms.gle\/uwYKpf4Lj9X484B96\">Examen galope 3<\/a><\/h2>\t\t\t\t<\/div>\n\t\t\t\t<\/div>\n\t\t\t\t\t<\/div>\n\t\t<\/div>\n\t\t\t\t<div class=\"elementor-column elementor-col-50 elementor-inner-column elementor-element elementor-element-5153a4e\" data-id=\"5153a4e\" data-element_type=\"column\" data-e-type=\"column\">\n\t\t\t<div class=\"elementor-widget-wrap elementor-element-populated\">\n\t\t\t\t\t\t<div class=\"elementor-element elementor-element-0143822 elementor-widget elementor-widget-image\" data-id=\"0143822\" data-element_type=\"widget\" data-e-type=\"widget\" data-widget_type=\"image.default\">\n\t\t\t\t<div class=\"elementor-widget-container\">\n\t\t\t\t\t\t\t\t\t\t\t\t\t\t\t<img loading=\"lazy\" decoding=\"async\" width=\"1000\" height=\"670\" src=\"https:\/\/todosobrecaballos.es\/wp-content\/uploads\/2021\/01\/Diseno-sin-titulo-17.png\" class=\"attachment-large size-large wp-image-724\" alt=\"\" srcset=\"https:\/\/todosobrecaballos.es\/wp-content\/uploads\/2021\/01\/Diseno-sin-titulo-17.png 1000w, https:\/\/todosobrecaballos.es\/wp-content\/uploads\/2021\/01\/Diseno-sin-titulo-17-300x201.png 300w, https:\/\/todosobrecaballos.es\/wp-content\/uploads\/2021\/01\/Diseno-sin-titulo-17-768x515.png 768w\" sizes=\"(max-width: 1000px) 100vw, 1000px\" \/>\t\t\t\t\t\t\t\t\t\t\t\t\t\t\t<\/div>\n\t\t\t\t<\/div>\n\t\t\t\t<div class=\"elementor-element elementor-element-d466233 elementor-widget elementor-widget-heading\" data-id=\"d466233\" data-element_type=\"widget\" data-e-type=\"widget\" data-widget_type=\"heading.default\">\n\t\t\t\t<div class=\"elementor-widget-container\">\n\t\t\t\t\t<h2 class=\"elementor-heading-title elementor-size-default\"><a href=\"https:\/\/forms.gle\/SNkBNGAj5WKP9mqb8\">Examen galope 4<\/a><\/h2>\t\t\t\t<\/div>\n\t\t\t\t<\/div>\n\t\t\t\t\t<\/div>\n\t\t<\/div>\n\t\t\t\t\t<\/div>\n\t\t<\/section>\n\t\t\t\t<div class=\"elementor-element elementor-element-ddd111b elementor-widget elementor-widget-spacer\" data-id=\"ddd111b\" data-element_type=\"widget\" data-e-type=\"widget\" data-widget_type=\"spacer.default\">\n\t\t\t\t<div class=\"elementor-widget-container\">\n\t\t\t\t\t\t\t<div class=\"elementor-spacer\">\n\t\t\t<div class=\"elementor-spacer-inner\"><\/div>\n\t\t<\/div>\n\t\t\t\t\t\t<\/div>\n\t\t\t\t<\/div>\n\t\t\t\t<div class=\"elementor-element elementor-element-fff2ded elementor-widget elementor-widget-heading\" data-id=\"fff2ded\" data-element_type=\"widget\" data-e-type=\"widget\" data-widget_type=\"heading.default\">\n\t\t\t\t<div class=\"elementor-widget-container\">\n\t\t\t\t\t<h2 class=\"elementor-heading-title elementor-size-default\">S\u00edguenos en nuestras redes sociales<\/h2>\t\t\t\t<\/div>\n\t\t\t\t<\/div>\n\t\t\t\t<div class=\"elementor-element elementor-element-c19a00d elementor-widget-divider--view-line elementor-widget elementor-widget-divider\" data-id=\"c19a00d\" data-element_type=\"widget\" data-e-type=\"widget\" data-widget_type=\"divider.default\">\n\t\t\t\t<div class=\"elementor-widget-container\">\n\t\t\t\t\t\t\t<div class=\"elementor-divider\">\n\t\t\t<span class=\"elementor-divider-separator\">\n\t\t\t\t\t\t<\/span>\n\t\t<\/div>\n\t\t\t\t\t\t<\/div>\n\t\t\t\t<\/div>\n\t\t\t\t\t<\/div>\n\t\t<\/div>\n\t\t\t\t\t<\/div>\n\t\t<\/section>\n\t\t\t\t<section class=\"elementor-section elementor-top-section elementor-element elementor-element-1bdd520 elementor-section-boxed elementor-section-height-default elementor-section-height-default\" data-id=\"1bdd520\" data-element_type=\"section\" data-e-type=\"section\">\n\t\t\t\t\t\t<div class=\"elementor-container elementor-column-gap-default\">\n\t\t\t\t\t<div class=\"elementor-column elementor-col-100 elementor-top-column elementor-element elementor-element-8bf5fd2\" data-id=\"8bf5fd2\" data-element_type=\"column\" data-e-type=\"column\">\n\t\t\t<div class=\"elementor-widget-wrap elementor-element-populated\">\n\t\t\t\t\t\t<div class=\"elementor-element elementor-element-89c53e3 elementor-widget elementor-widget-wp-widget-ocean_recent_posts\" data-id=\"89c53e3\" data-element_type=\"widget\" data-e-type=\"widget\" data-widget_type=\"wp-widget-ocean_recent_posts.default\">\n\t\t\t\t<div class=\"elementor-widget-container\">\n\t\t\t\t\t<h5>Tambi\u00e9n te puede interesar&#8230;.<\/h5>\r\n\t\t\t\t<ul class=\"oceanwp-recent-posts clr\">\r\n\r\n\t\t\t\t\t\r\n\t\t\t\t\t\t\t<li class=\"clr\">\r\n\r\n\t\t\t\t\t\t\t\t\t\t\t\t\t\t\t\t\t<a href=\"https:\/\/todosobrecaballos.es\/index.php\/2024\/11\/06\/5-preguntas-que-debes-saber-del-examen-de-galope-1\/\" title=\"5 Preguntas que Debes Saber del Examen de Galope 1\" class=\"recent-posts-thumbnail\">\r\n\t\t\t\t\t\t\t\t\t\t<img loading=\"lazy\" decoding=\"async\" width=\"150\" height=\"150\" src=\"https:\/\/todosobrecaballos.es\/wp-content\/uploads\/2024\/11\/TODOSOBRECABALLOS-47-150x150.png\" class=\"attachment-thumbnail size-thumbnail wp-post-image\" alt=\"5 Preguntas que Debes Saber del Examen de Galope 1\" itemprop=\"image\" \/>\r\n\t\t\t\t\t\t\t\t\t\t<span class=\"overlay\"><\/span>\r\n\t\t\t\t\t\t\t\t\t<\/a>\r\n\t\t\t\t\t\t\t\t\r\n\t\t\t\t\t\t\t\t<div class=\"recent-posts-details clr\">\r\n\r\n\t\t\t\t\t\t\t\t\t<div class=\"recent-posts-details-inner clr\">\r\n\r\n\t\t\t\t\t\t\t\t\t\t<a href=\"https:\/\/todosobrecaballos.es\/index.php\/2024\/11\/06\/5-preguntas-que-debes-saber-del-examen-de-galope-1\/\" class=\"recent-posts-title\">5 Preguntas que Debes Saber del Examen de Galope 1<\/a>\r\n\r\n\t\t\t\t\t\t\t\t\t\t<div class=\"recent-posts-info clr\">\r\n\t\t\t\t\t\t\t\t\t\t\t<div class=\"recent-posts-date\">6 noviembre, 2024<span class=\"sep\">\/<\/span><\/div>\r\n\t\t\t\t\t\t\t\t\t\t\t<div class=\"recent-posts-comments\"><a href=\"https:\/\/todosobrecaballos.es\/index.php\/2024\/11\/06\/5-preguntas-que-debes-saber-del-examen-de-galope-1\/#respond\">Sin comentarios<\/a><\/div>\r\n\t\t\t\t\t\t\t\t\t\t<\/div>\r\n\r\n\t\t\t\t\t\t\t\t\t<\/div>\r\n\r\n\t\t\t\t\t\t\t\t<\/div>\r\n\r\n\t\t\t\t\t\t\t<\/li>\r\n\r\n\t\t\t\t\t\t\r\n\t\t\t\t\t\t\t<li class=\"clr\">\r\n\r\n\t\t\t\t\t\t\t\t\t\t\t\t\t\t\t\t\t<a href=\"https:\/\/todosobrecaballos.es\/index.php\/2024\/10\/29\/eventos-hipicos-que-no-te-puedes-perder-en-noviembre\/\" title=\"Eventos H\u00edpicos que No te Puedes Perder en Noviembre\" class=\"recent-posts-thumbnail\">\r\n\t\t\t\t\t\t\t\t\t\t<img loading=\"lazy\" decoding=\"async\" width=\"150\" height=\"150\" src=\"https:\/\/todosobrecaballos.es\/wp-content\/uploads\/2024\/10\/TODOSOBRECABALLOS-2-150x150.png\" class=\"attachment-thumbnail size-thumbnail wp-post-image\" alt=\"Eventos H\u00edpicos que No te Puedes Perder en Noviembre\" itemprop=\"image\" \/>\r\n\t\t\t\t\t\t\t\t\t\t<span class=\"overlay\"><\/span>\r\n\t\t\t\t\t\t\t\t\t<\/a>\r\n\t\t\t\t\t\t\t\t\r\n\t\t\t\t\t\t\t\t<div class=\"recent-posts-details clr\">\r\n\r\n\t\t\t\t\t\t\t\t\t<div class=\"recent-posts-details-inner clr\">\r\n\r\n\t\t\t\t\t\t\t\t\t\t<a href=\"https:\/\/todosobrecaballos.es\/index.php\/2024\/10\/29\/eventos-hipicos-que-no-te-puedes-perder-en-noviembre\/\" class=\"recent-posts-title\">Eventos H\u00edpicos que No te Puedes Perder en Noviembre<\/a>\r\n\r\n\t\t\t\t\t\t\t\t\t\t<div class=\"recent-posts-info clr\">\r\n\t\t\t\t\t\t\t\t\t\t\t<div class=\"recent-posts-date\">29 octubre, 2024<span class=\"sep\">\/<\/span><\/div>\r\n\t\t\t\t\t\t\t\t\t\t\t<div class=\"recent-posts-comments\"><a href=\"https:\/\/todosobrecaballos.es\/index.php\/2024\/10\/29\/eventos-hipicos-que-no-te-puedes-perder-en-noviembre\/#respond\">Sin comentarios<\/a><\/div>\r\n\t\t\t\t\t\t\t\t\t\t<\/div>\r\n\r\n\t\t\t\t\t\t\t\t\t<\/div>\r\n\r\n\t\t\t\t\t\t\t\t<\/div>\r\n\r\n\t\t\t\t\t\t\t<\/li>\r\n\r\n\t\t\t\t\t\t\r\n\t\t\t\t\t\t\t<li class=\"clr\">\r\n\r\n\t\t\t\t\t\t\t\t\t\t\t\t\t\t\t\t\t<a href=\"https:\/\/todosobrecaballos.es\/index.php\/2024\/10\/22\/que-son-los-tecnicos-deportivos-de-hipica-acceso-formacion-y-oportunidades-profesionales\/\" title=\"\u00bfQu\u00e9 son los T\u00e9cnicos deportivos de h\u00edpica? Acceso, Formaci\u00f3n y Oportunidades Profesionales\" class=\"recent-posts-thumbnail\">\r\n\t\t\t\t\t\t\t\t\t\t<img loading=\"lazy\" decoding=\"async\" width=\"150\" height=\"150\" src=\"https:\/\/todosobrecaballos.es\/wp-content\/uploads\/2024\/08\/TODOSOBRECABALLOS-22-150x150.png\" class=\"attachment-thumbnail size-thumbnail wp-post-image\" alt=\"\u00bfQu\u00e9 son los T\u00e9cnicos deportivos de h\u00edpica? Acceso, Formaci\u00f3n y Oportunidades Profesionales\" itemprop=\"image\" \/>\r\n\t\t\t\t\t\t\t\t\t\t<span class=\"overlay\"><\/span>\r\n\t\t\t\t\t\t\t\t\t<\/a>\r\n\t\t\t\t\t\t\t\t\r\n\t\t\t\t\t\t\t\t<div class=\"recent-posts-details clr\">\r\n\r\n\t\t\t\t\t\t\t\t\t<div class=\"recent-posts-details-inner clr\">\r\n\r\n\t\t\t\t\t\t\t\t\t\t<a href=\"https:\/\/todosobrecaballos.es\/index.php\/2024\/10\/22\/que-son-los-tecnicos-deportivos-de-hipica-acceso-formacion-y-oportunidades-profesionales\/\" class=\"recent-posts-title\">\u00bfQu\u00e9 son los T\u00e9cnicos deportivos de h\u00edpica? Acceso, Formaci\u00f3n y Oportunidades Profesionales<\/a>\r\n\r\n\t\t\t\t\t\t\t\t\t\t<div class=\"recent-posts-info clr\">\r\n\t\t\t\t\t\t\t\t\t\t\t<div class=\"recent-posts-date\">22 octubre, 2024<span class=\"sep\">\/<\/span><\/div>\r\n\t\t\t\t\t\t\t\t\t\t\t<div class=\"recent-posts-comments\"><a href=\"https:\/\/todosobrecaballos.es\/index.php\/2024\/10\/22\/que-son-los-tecnicos-deportivos-de-hipica-acceso-formacion-y-oportunidades-profesionales\/#respond\">Sin comentarios<\/a><\/div>\r\n\t\t\t\t\t\t\t\t\t\t<\/div>\r\n\r\n\t\t\t\t\t\t\t\t\t<\/div>\r\n\r\n\t\t\t\t\t\t\t\t<\/div>\r\n\r\n\t\t\t\t\t\t\t<\/li>\r\n\r\n\t\t\t\t\t\t\r\n\t\t\t\t\t\r\n\t\t\t\t<\/ul>\r\n\r\n\t\t\t\t\r\n\t\t\t\t\t\t\t<\/div>\n\t\t\t\t<\/div>\n\t\t\t\t\t<\/div>\n\t\t<\/div>\n\t\t\t\t\t<\/div>\n\t\t<\/section>\n\t\t\t\t<\/div>\n\t\t","protected":false},"excerpt":{"rendered":"<p>\u00a1Ponte a prueba con Todo Sobre Caballos! \u00bfTe gustar\u00eda ver hasta d\u00f3nde llegan tus conocimientos acerca del mundo del caballo? En Todo Sobre Caballos te ayudamos a ello. Nuestro equipo ha desarrollado unos test para poder saber cuanto sabes de los contenidos de los ex\u00e1menes de galopes. Estos ex\u00e1menes sirven para poder obtener una titulaci\u00f3n [&hellip;]<\/p>\n","protected":false},"author":3,"featured_media":0,"parent":0,"menu_order":0,"comment_status":"closed","ping_status":"closed","template":"","meta":{"ocean_post_layout":"","ocean_both_sidebars_style":"","ocean_both_sidebars_content_width":0,"ocean_both_sidebars_sidebars_width":0,"ocean_sidebar":"0","ocean_second_sidebar":"0","ocean_disable_margins":"enable","ocean_add_body_class":"","ocean_shortcode_before_top_bar":"","ocean_shortcode_after_top_bar":"","ocean_shortcode_before_header":"","ocean_shortcode_after_header":"","ocean_has_shortcode":"","ocean_shortcode_after_title":"","ocean_shortcode_before_footer_widgets":"","ocean_shortcode_after_footer_widgets":"","ocean_shortcode_before_footer_bottom":"","ocean_shortcode_after_footer_bottom":"","ocean_display_top_bar":"default","ocean_display_header":"default","ocean_header_style":"","ocean_center_header_left_menu":"0","ocean_custom_header_template":"0","ocean_custom_logo":0,"ocean_custom_retina_logo":0,"ocean_custom_logo_max_width":0,"ocean_custom_logo_tablet_max_width":0,"ocean_custom_logo_mobile_max_width":0,"ocean_custom_logo_max_height":0,"ocean_custom_logo_tablet_max_height":0,"ocean_custom_logo_mobile_max_height":0,"ocean_header_custom_menu":"0","ocean_menu_typo_font_family":"0","ocean_menu_typo_font_subset":"","ocean_menu_typo_font_size":0,"ocean_menu_typo_font_size_tablet":0,"ocean_menu_typo_font_size_mobile":0,"ocean_menu_typo_font_size_unit":"px","ocean_menu_typo_font_weight":"","ocean_menu_typo_font_weight_tablet":"","ocean_menu_typo_font_weight_mobile":"","ocean_menu_typo_transform":"","ocean_menu_typo_transform_tablet":"","ocean_menu_typo_transform_mobile":"","ocean_menu_typo_line_height":0,"ocean_menu_typo_line_height_tablet":0,"ocean_menu_typo_line_height_mobile":0,"ocean_menu_typo_line_height_unit":"","ocean_menu_typo_spacing":0,"ocean_menu_typo_spacing_tablet":0,"ocean_menu_typo_spacing_mobile":0,"ocean_menu_typo_spacing_unit":"","ocean_menu_link_color":"","ocean_menu_link_color_hover":"","ocean_menu_link_color_active":"","ocean_menu_link_background":"","ocean_menu_link_hover_background":"","ocean_menu_link_active_background":"","ocean_menu_social_links_bg":"","ocean_menu_social_hover_links_bg":"","ocean_menu_social_links_color":"","ocean_menu_social_hover_links_color":"","ocean_disable_title":"default","ocean_disable_heading":"default","ocean_post_title":"","ocean_post_subheading":"","ocean_post_title_style":"","ocean_post_title_background_color":"","ocean_post_title_background":0,"ocean_post_title_bg_image_position":"","ocean_post_title_bg_image_attachment":"","ocean_post_title_bg_image_repeat":"","ocean_post_title_bg_image_size":"","ocean_post_title_height":0,"ocean_post_title_bg_overlay":0.5,"ocean_post_title_bg_overlay_color":"","ocean_disable_breadcrumbs":"default","ocean_breadcrumbs_color":"","ocean_breadcrumbs_separator_color":"","ocean_breadcrumbs_links_color":"","ocean_breadcrumbs_links_hover_color":"","ocean_display_footer_widgets":"default","ocean_display_footer_bottom":"default","ocean_custom_footer_template":"0","footnotes":""},"class_list":["post-505","page","type-page","status-publish","hentry","entry","has-media"],"_links":{"self":[{"href":"https:\/\/todosobrecaballos.es\/index.php\/wp-json\/wp\/v2\/pages\/505","targetHints":{"allow":["GET"]}}],"collection":[{"href":"https:\/\/todosobrecaballos.es\/index.php\/wp-json\/wp\/v2\/pages"}],"about":[{"href":"https:\/\/todosobrecaballos.es\/index.php\/wp-json\/wp\/v2\/types\/page"}],"author":[{"embeddable":true,"href":"https:\/\/todosobrecaballos.es\/index.php\/wp-json\/wp\/v2\/users\/3"}],"replies":[{"embeddable":true,"href":"https:\/\/todosobrecaballos.es\/index.php\/wp-json\/wp\/v2\/comments?post=505"}],"version-history":[{"count":18,"href":"https:\/\/todosobrecaballos.es\/index.php\/wp-json\/wp\/v2\/pages\/505\/revisions"}],"predecessor-version":[{"id":778,"href":"https:\/\/todosobrecaballos.es\/index.php\/wp-json\/wp\/v2\/pages\/505\/revisions\/778"}],"wp:attachment":[{"href":"https:\/\/todosobrecaballos.es\/index.php\/wp-json\/wp\/v2\/media?parent=505"}],"curies":[{"name":"wp","href":"https:\/\/api.w.org\/{rel}","templated":true}]}}